{"id":8,"date":"2023-05-16T23:15:41","date_gmt":"2023-05-16T23:15:41","guid":{"rendered":"https:\/\/arcanb.ca\/?page_id=8"},"modified":"2023-07-30T21:02:36","modified_gmt":"2023-07-30T21:02:36","slug":"home","status":"publish","type":"page","link":"https:\/\/arcanb.ca\/fr\/","title":{"rendered":"Mission"},"content":{"rendered":"<p>L\u2019association des radios communautaires acadiennes du Nouveau-Brunswick est vou\u00e9e \u00e0 la repr\u00e9sentation, au d\u00e9veloppement et \u00e0 la promotion de ses membres dans le but de renforcer leurs capacit\u00e9s \u00e0 contribuer efficacement \u00e0 l\u2019\u00e9panouissement et \u00e0 la vitalit\u00e9 de la communaut\u00e9 acadienne et francophone du Nouveau-Brunswick, selon leur territoire de radiodiffusion. <\/p>\n\n\n\n<div class=\"wp-block-group alignfull\"><div class=\"wp-block-group__inner-container is-layout-constrained wp-block-group-is-layout-constrained\"><\/div><\/div>","protected":false},"excerpt":{"rendered":"<p>L\u2019association des radios communautaires acadiennes du Nouveau-Brunswick est vou\u00e9e \u00e0 la repr\u00e9sentation, au d\u00e9veloppement et \u00e0 la promotion de ses membres dans le but de renforcer leurs capacit\u00e9s \u00e0 contribuer efficacement \u00e0 l\u2019\u00e9panouissement et \u00e0 la vitalit\u00e9 de la communaut\u00e9 acadienne et francophone du Nouveau-Brunswick, selon leur territoire de radiodiffusion.<\/p>","protected":false},"author":1,"featured_media":0,"parent":0,"menu_order":0,"comment_status":"closed","ping_status":"closed","template":"","meta":{"ngg_post_thumbnail":0,"footnotes":""},"class_list":["post-8","page","type-page","status-publish","hentry"],"_links":{"self":[{"href":"https:\/\/arcanb.ca\/fr\/wp-json\/wp\/v2\/pages\/8","targetHints":{"allow":["GET"]}}],"collection":[{"href":"https:\/\/arcanb.ca\/fr\/wp-json\/wp\/v2\/pages"}],"about":[{"href":"https:\/\/arcanb.ca\/fr\/wp-json\/wp\/v2\/types\/page"}],"author":[{"embeddable":true,"href":"https:\/\/arcanb.ca\/fr\/wp-json\/wp\/v2\/users\/1"}],"replies":[{"embeddable":true,"href":"https:\/\/arcanb.ca\/fr\/wp-json\/wp\/v2\/comments?post=8"}],"version-history":[{"count":6,"href":"https:\/\/arcanb.ca\/fr\/wp-json\/wp\/v2\/pages\/8\/revisions"}],"predecessor-version":[{"id":147,"href":"https:\/\/arcanb.ca\/fr\/wp-json\/wp\/v2\/pages\/8\/revisions\/147"}],"wp:attachment":[{"href":"https:\/\/arcanb.ca\/fr\/wp-json\/wp\/v2\/media?parent=8"}],"curies":[{"name":"wp","href":"https:\/\/api.w.org\/{rel}","templated":true}]}}