{"id":11,"date":"2023-05-16T23:15:41","date_gmt":"2023-05-16T23:15:41","guid":{"rendered":"https:\/\/arcanb.ca\/?page_id=11"},"modified":"2023-07-31T01:08:59","modified_gmt":"2023-07-31T01:08:59","slug":"blog","status":"publish","type":"page","link":"https:\/\/arcanb.ca\/fr\/blog\/","title":{"rendered":"Publicit\u00e9s"},"content":{"rendered":"<div data-elementor-type=\"wp-page\" data-elementor-id=\"11\" class=\"elementor elementor-11\">\n\t\t\t\t\t\t\t\t\t<section class=\"elementor-section elementor-top-section elementor-element elementor-element-bdcbe16 elementor-section-boxed elementor-section-height-default elementor-section-height-default\" data-id=\"bdcbe16\" data-element_type=\"section\">\n\t\t\t\t\t\t<div class=\"elementor-container elementor-column-gap-default\">\n\t\t\t\t\t<div class=\"elementor-column elementor-col-100 elementor-top-column elementor-element elementor-element-248f9c9\" data-id=\"248f9c9\" data-element_type=\"column\">\n\t\t\t<div class=\"elementor-widget-wrap elementor-element-populated\">\n\t\t\t\t\t\t\t\t<div class=\"elementor-element elementor-element-a53e1d1 elementor-widget elementor-widget-text-editor\" data-id=\"a53e1d1\" data-element_type=\"widget\" data-widget_type=\"text-editor.default\">\n\t\t\t\t<div class=\"elementor-widget-container\">\n\t\t\t<style>\/*! elementor - v3.14.0 - 26-06-2023 *\/\n.elementor-widget-text-editor.elementor-drop-cap-view-stacked .elementor-drop-cap{background-color:#69727d;color:#fff}.elementor-widget-text-editor.elementor-drop-cap-view-framed .elementor-drop-cap{color:#69727d;border:3px solid;background-color:transparent}.elementor-widget-text-editor:not(.elementor-drop-cap-view-default) .elementor-drop-cap{margin-top:8px}.elementor-widget-text-editor:not(.elementor-drop-cap-view-default) .elementor-drop-cap-letter{width:1em;height:1em}.elementor-widget-text-editor .elementor-drop-cap{float:left;text-align:center;line-height:1;font-size:50px}.elementor-widget-text-editor .elementor-drop-cap-letter{display:inline-block}<\/style>\t\t\t\t<p>D\u00e9couvrez pourquoi choisir notre r\u00e9seau de stations de radio communautaires pour placer votre publicit\u00e9 est une d\u00e9cision gagnante !<\/p>\t\t\t\t\t\t<\/div>\n\t\t\t\t<\/div>\n\t\t\t\t\t<\/div>\n\t\t<\/div>\n\t\t\t\t\t\t\t<\/div>\n\t\t<\/section>\n\t\t\t\t<section class=\"elementor-section elementor-top-section elementor-element elementor-element-01d7ba7 elementor-section-boxed elementor-section-height-default elementor-section-height-default\" data-id=\"01d7ba7\" data-element_type=\"section\">\n\t\t\t\t\t\t<div class=\"elementor-container elementor-column-gap-default\">\n\t\t\t\t\t<div class=\"elementor-column elementor-col-50 elementor-top-column elementor-element elementor-element-7b62ffc\" data-id=\"7b62ffc\" data-element_type=\"column\">\n\t\t\t<div class=\"elementor-widget-wrap elementor-element-populated\">\n\t\t\t\t\t\t\t\t<div class=\"elementor-element elementor-element-56810ca elementor-absolute elementor-view-default elementor-widget elementor-widget-icon\" data-id=\"56810ca\" data-element_type=\"widget\" data-settings=\"{&quot;_position&quot;:&quot;absolute&quot;}\" data-widget_type=\"icon.default\">\n\t\t\t\t<div class=\"elementor-widget-container\">\n\t\t\t\t\t<div class=\"elementor-icon-wrapper\">\n\t\t\t<div class=\"elementor-icon\">\n\t\t\t<i aria-hidden=\"true\" class=\"far fa-hand-point-right\"><\/i>\t\t\t<\/div>\n\t\t<\/div>\n\t\t\t\t<\/div>\n\t\t\t\t<\/div>\n\t\t\t\t<div class=\"elementor-element elementor-element-2933763 elementor-absolute elementor-view-default elementor-widget elementor-widget-icon\" data-id=\"2933763\" data-element_type=\"widget\" data-settings=\"{&quot;_position&quot;:&quot;absolute&quot;}\" data-widget_type=\"icon.default\">\n\t\t\t\t<div class=\"elementor-widget-container\">\n\t\t\t\t\t<div class=\"elementor-icon-wrapper\">\n\t\t\t<div class=\"elementor-icon\">\n\t\t\t<i aria-hidden=\"true\" class=\"far fa-hand-point-right\"><\/i>\t\t\t<\/div>\n\t\t<\/div>\n\t\t\t\t<\/div>\n\t\t\t\t<\/div>\n\t\t\t\t<div class=\"elementor-element elementor-element-a5260f7 elementor-absolute elementor-view-default elementor-widget elementor-widget-icon\" data-id=\"a5260f7\" data-element_type=\"widget\" data-settings=\"{&quot;_position&quot;:&quot;absolute&quot;}\" data-widget_type=\"icon.default\">\n\t\t\t\t<div class=\"elementor-widget-container\">\n\t\t\t\t\t<div class=\"elementor-icon-wrapper\">\n\t\t\t<div class=\"elementor-icon\">\n\t\t\t<i aria-hidden=\"true\" class=\"far fa-hand-point-right\"><\/i>\t\t\t<\/div>\n\t\t<\/div>\n\t\t\t\t<\/div>\n\t\t\t\t<\/div>\n\t\t\t\t\t<\/div>\n\t\t<\/div>\n\t\t\t\t<div class=\"elementor-column elementor-col-50 elementor-top-column elementor-element elementor-element-5685c72\" data-id=\"5685c72\" data-element_type=\"column\">\n\t\t\t<div class=\"elementor-widget-wrap elementor-element-populated\">\n\t\t\t\t\t\t\t\t<div class=\"elementor-element elementor-element-033b237 elementor-widget elementor-widget-text-editor\" data-id=\"033b237\" data-element_type=\"widget\" data-widget_type=\"text-editor.default\">\n\t\t\t\t<div class=\"elementor-widget-container\">\n\t\t\t\t\t\t\t<p><b style=\"color: var( --e-global-color-text ); font-family: var( --e-global-typography-text-font-family ), Sans-serif; font-size: 1rem;\"><br \/>Facilit\u00e9 et simplicit\u00e9 :<br \/><\/b><span style=\"color: var( --e-global-color-text ); font-family: var( --e-global-typography-text-font-family ), Sans-serif; font-size: 1rem;\">Nous simplifions votre exp\u00e9rience publicitaire en vous offrant un point de contact unique. Vous n'aurez qu'une seule facture pour l'ensemble du r\u00e9seau, et notre \u00e9quipe se chargera de planifier votre campagne sur chaque station selon vos sp\u00e9cifications. Plus besoin de jongler avec plusieurs interlocuteurs ou de vous perdre dans des d\u00e9marches complexes !<\/span><\/p>\t\t\t\t\t\t<\/div>\n\t\t\t\t<\/div>\n\t\t\t\t<div class=\"elementor-element elementor-element-2531fd4 elementor-widget elementor-widget-text-editor\" data-id=\"2531fd4\" data-element_type=\"widget\" data-widget_type=\"text-editor.default\">\n\t\t\t\t<div class=\"elementor-widget-container\">\n\t\t\t\t\t\t\t<p><b>Engagement de l'auditoire :<\/b><br \/>Nous sommes profond\u00e9ment engag\u00e9s dans nos communaut\u00e9s et produisons du contenu local de qualit\u00e9 tout au long de la journ\u00e9e. Gr\u00e2ce \u00e0 notre pr\u00e9sence dynamique, nous garantissons un engagement optimal de nos auditeurs. Votre publicit\u00e9 sera diffus\u00e9e dans un contexte favorable, entour\u00e9e de programmes qui captivent et fid\u00e9lisent notre auditoire attentif.<\/p>\t\t\t\t\t\t<\/div>\n\t\t\t\t<\/div>\n\t\t\t\t<div class=\"elementor-element elementor-element-8ebdc98 elementor-widget elementor-widget-text-editor\" data-id=\"8ebdc98\" data-element_type=\"widget\" data-widget_type=\"text-editor.default\">\n\t\t\t\t<div class=\"elementor-widget-container\">\n\t\t\t\t\t\t\t<p><b>Expertise locale :<br \/><\/b>Personne ne conna\u00eet mieux la province que nous. Forts de notre exp\u00e9rience de plus de 20 ans, nous avons d\u00e9velopp\u00e9 des partenariats cl\u00e9s au sein de nos communaut\u00e9s en pleine croissance. Notre connaissance approfondie du Nouveau-Brunswick nous permet de vous offrir une expertise locale in\u00e9gal\u00e9e, afin d'optimiser l'impact de votre publicit\u00e9.<span style=\"color: var( --e-global-color-text ); font-family: var( --e-global-typography-text-font-family ), Sans-serif; font-size: 1rem;\">\u00a0<\/span><\/p>\t\t\t\t\t\t<\/div>\n\t\t\t\t<\/div>\n\t\t\t\t\t<\/div>\n\t\t<\/div>\n\t\t\t\t\t\t\t<\/div>\n\t\t<\/section>\n\t\t\t\t<section class=\"elementor-section elementor-top-section elementor-element elementor-element-669872d elementor-section-boxed elementor-section-height-default elementor-section-height-default\" data-id=\"669872d\" data-element_type=\"section\">\n\t\t\t\t\t\t<div class=\"elementor-container elementor-column-gap-default\">\n\t\t\t\t\t<div class=\"elementor-column elementor-col-100 elementor-top-column elementor-element elementor-element-1372701\" data-id=\"1372701\" data-element_type=\"column\">\n\t\t\t<div class=\"elementor-widget-wrap elementor-element-populated\">\n\t\t\t\t\t\t\t\t<div class=\"elementor-element elementor-element-429214c elementor-widget elementor-widget-text-editor\" data-id=\"429214c\" data-element_type=\"widget\" data-widget_type=\"text-editor.default\">\n\t\t\t\t<div class=\"elementor-widget-container\">\n\t\t\t\t\t\t\t<p>Et ce n'est pas tout ! Nous proposons un tarif unique tr\u00e8s avantageux : seulement 221,90 $ pour diffuser une annonce de 30 secondes sur 10 stations \u00e0 travers le Nouveau-Brunswick. Nous avons \u00e9galement des tarifs disponibles pour des annonces de 15 secondes et de 60 secondes, pour r\u00e9pondre \u00e0 vos besoins sp\u00e9cifiques.<\/p>\n<p>Ne manquez pas cette occasion exceptionnelle de toucher efficacement votre public cible \u00e0 un co\u00fbt abordable. Prenez rendez-vous avec nous d\u00e8s maintenant pour discuter de votre campagne publicitaire et booster votre visibilit\u00e9 aupr\u00e8s des auditeurs de nos stations de radio communautaires renomm\u00e9es.<\/p>\t\t\t\t\t\t<\/div>\n\t\t\t\t<\/div>\n\t\t\t\t\t<\/div>\n\t\t<\/div>\n\t\t\t\t\t\t\t<\/div>\n\t\t<\/section>\n\t\t\t\t\t\t\t<\/div>","protected":false},"excerpt":{"rendered":"<p>Find out why choosing our network of community radio stations to place your ad is a winning decision! Ease and simplicity: We simplify your advertising experience by providing a single point of contact. You&#8217;ll have one invoice for the entire network, and our team will schedule your campaign on each station according to your specifications. &hellip; <\/p>\n<p class=\"link-more\"><a href=\"https:\/\/arcanb.ca\/fr\/blog\/\" class=\"more-link\">Continuer la lecture<span class=\"screen-reader-text\"> de &laquo;&nbsp;Advertising&nbsp;&raquo;<\/span><\/a><\/p>","protected":false},"author":1,"featured_media":0,"parent":0,"menu_order":0,"comment_status":"closed","ping_status":"closed","template":"","meta":{"ngg_post_thumbnail":0,"footnotes":""},"class_list":["post-11","page","type-page","status-publish","hentry"],"_links":{"self":[{"href":"https:\/\/arcanb.ca\/fr\/wp-json\/wp\/v2\/pages\/11","targetHints":{"allow":["GET"]}}],"collection":[{"href":"https:\/\/arcanb.ca\/fr\/wp-json\/wp\/v2\/pages"}],"about":[{"href":"https:\/\/arcanb.ca\/fr\/wp-json\/wp\/v2\/types\/page"}],"author":[{"embeddable":true,"href":"https:\/\/arcanb.ca\/fr\/wp-json\/wp\/v2\/users\/1"}],"replies":[{"embeddable":true,"href":"https:\/\/arcanb.ca\/fr\/wp-json\/wp\/v2\/comments?post=11"}],"version-history":[{"count":9,"href":"https:\/\/arcanb.ca\/fr\/wp-json\/wp\/v2\/pages\/11\/revisions"}],"predecessor-version":[{"id":177,"href":"https:\/\/arcanb.ca\/fr\/wp-json\/wp\/v2\/pages\/11\/revisions\/177"}],"wp:attachment":[{"href":"https:\/\/arcanb.ca\/fr\/wp-json\/wp\/v2\/media?parent=11"}],"curies":[{"name":"wp","href":"https:\/\/api.w.org\/{rel}","templated":true}]}}